{"id":1744,"date":"2022-10-24T12:48:03","date_gmt":"2022-10-24T12:48:03","guid":{"rendered":"http:\/\/g5plushr.cz\/?page_id=1744"},"modified":"2024-01-25T14:01:51","modified_gmt":"2024-01-25T13:01:51","slug":"ochrana-osobnich-udaju-gdpr","status":"publish","type":"page","link":"https:\/\/www.g5plushr.cz\/en\/ochrana-osobnich-udaju-gdpr\/","title":{"rendered":"Ochrana osobn\u00edch \u00fadaj\u016f &#8211; GDPR"},"content":{"rendered":"<div data-elementor-type=\"wp-page\" data-elementor-id=\"1744\" class=\"elementor elementor-1744\">\n\t\t\t\t\t\t<div class=\"elementor-inner\">\n\t\t\t\t<div class=\"elementor-section-wrap\">\n\t\t\t\t\t\t\t\t\t<section class=\"elementor-section elementor-top-section elementor-element elementor-element-52ca73b elementor-section-stretched elementor-section-items-stretch elementor-section-content-bottom elementor-section-height-min-height elementor-section-boxed elementor-section-height-default\" data-id=\"52ca73b\" data-element_type=\"section\" data-settings=\"{&quot;stretch_section&quot;:&quot;section-stretched&quot;,&quot;background_background&quot;:&quot;classic&quot;}\">\n\t\t\t\t\t\t\t<div class=\"elementor-background-overlay\"><\/div>\n\t\t\t\t\t\t\t<div class=\"elementor-container elementor-column-gap-no\">\n\t\t\t\t\t\t\t<div class=\"elementor-row\">\n\t\t\t\t\t<div class=\"elementor-column elementor-col-100 elementor-top-column elementor-element elementor-element-e03c28e\" data-id=\"e03c28e\" data-element_type=\"column\" data-settings=\"{&quot;background_background&quot;:&quot;gradient&quot;}\">\n\t\t\t<div class=\"elementor-column-wrap elementor-element-populated\">\n\t\t\t\t\t\t\t<div class=\"elementor-widget-wrap\">\n\t\t\t\t\t\t<div class=\"elementor-element elementor-element-b9503c1 elementor-invisible elementor-widget elementor-widget-heading\" data-id=\"b9503c1\" data-element_type=\"widget\" data-settings=\"{&quot;_animation&quot;:&quot;fadeIn&quot;}\" data-widget_type=\"heading.default\">\n\t\t\t\t<div class=\"elementor-widget-container\">\n\t\t\t<h2 class=\"elementor-heading-title elementor-size-default\">PROTECTION OF PERSONAL DATA<\/h2>\t\t<\/div>\n\t\t\t\t<\/div>\n\t\t\t\t\t\t<\/div>\n\t\t\t\t\t<\/div>\n\t\t<\/div>\n\t\t\t\t\t\t\t\t<\/div>\n\t\t\t\t\t<\/div>\n\t\t<\/section>\n\t\t\t\t<section class=\"elementor-section elementor-top-section elementor-element elementor-element-37cba58 elementor-section-boxed elementor-section-height-default elementor-section-height-default\" data-id=\"37cba58\" data-element_type=\"section\">\n\t\t\t\t\t\t<div class=\"elementor-container elementor-column-gap-default\">\n\t\t\t\t\t\t\t<div class=\"elementor-row\">\n\t\t\t\t\t<div class=\"elementor-column elementor-col-100 elementor-top-column elementor-element elementor-element-5ad6b8a\" data-id=\"5ad6b8a\" data-element_type=\"column\">\n\t\t\t<div class=\"elementor-column-wrap elementor-element-populated\">\n\t\t\t\t\t\t\t<div class=\"elementor-widget-wrap\">\n\t\t\t\t\t\t<div class=\"elementor-element elementor-element-8ee8028 elementor-widget elementor-widget-image\" data-id=\"8ee8028\" data-element_type=\"widget\" data-widget_type=\"image.default\">\n\t\t\t\t<div class=\"elementor-widget-container\">\n\t\t\t\t\t\t\t\t<div class=\"elementor-image\">\n\t\t\t\t\t\t\t\t\t\t\t\t<img decoding=\"async\" width=\"300\" height=\"216\" src=\"https:\/\/www.g5plushr.cz\/wp-content\/uploads\/2022\/11\/G5_Plus_LOGO-removebg-preview-e1706125285649-300x216.png\" class=\"attachment-medium size-medium wp-image-2189\" alt=\"\" srcset=\"https:\/\/www.g5plushr.cz\/wp-content\/uploads\/2022\/11\/G5_Plus_LOGO-removebg-preview-e1706125285649-300x216.png 300w, https:\/\/www.g5plushr.cz\/wp-content\/uploads\/2022\/11\/G5_Plus_LOGO-removebg-preview-e1706125285649-18x12.png 18w, https:\/\/www.g5plushr.cz\/wp-content\/uploads\/2022\/11\/G5_Plus_LOGO-removebg-preview-e1706125285649.png 476w\" sizes=\"(max-width: 300px) 100vw, 300px\" \/>\t\t\t\t\t\t\t\t\t\t\t\t\t\t<\/div>\n\t\t\t\t\t\t<\/div>\n\t\t\t\t<\/div>\n\t\t\t\t\t\t<\/div>\n\t\t\t\t\t<\/div>\n\t\t<\/div>\n\t\t\t\t\t\t\t\t<\/div>\n\t\t\t\t\t<\/div>\n\t\t<\/section>\n\t\t\t\t<section class=\"elementor-section elementor-top-section elementor-element elementor-element-8b446c8 elementor-section-boxed elementor-section-height-default elementor-section-height-default\" data-id=\"8b446c8\" data-element_type=\"section\">\n\t\t\t\t\t\t<div class=\"elementor-container elementor-column-gap-default\">\n\t\t\t\t\t\t\t<div class=\"elementor-row\">\n\t\t\t\t\t<div class=\"elementor-column elementor-col-100 elementor-top-column elementor-element elementor-element-1e6195c\" data-id=\"1e6195c\" data-element_type=\"column\">\n\t\t\t<div class=\"elementor-column-wrap elementor-element-populated\">\n\t\t\t\t\t\t\t<div class=\"elementor-widget-wrap\">\n\t\t\t\t\t\t<div class=\"elementor-element elementor-element-ff8575c elementor-widget elementor-widget-text-editor\" data-id=\"ff8575c\" data-element_type=\"widget\" data-widget_type=\"text-editor.default\">\n\t\t\t\t<div class=\"elementor-widget-container\">\n\t\t\t\t\t\t\t\t<div class=\"elementor-text-editor elementor-clearfix\">\n\t\t\t\t<p>I confirm that I have received information about the processing of personal data in accordance with Article 13 of the GDPR. Consent is voluntary. I may revoke the consent of any of the Joint Administrators with effect in the future. If I refuse to give consent or withdraw my consent, there are no negative consequences for me. It is true that I cannot be excluded from a competition in which I have entered just because I have not given the above consent (consent) to the processing of my personal data. If I decide to withdraw my consent, I can contact the administrator at the e-mail osobniudaje@G5plusHR.cz or send a written notification to the address of the administrator's headquarters or appear in person at the administrator's branch.<\/p><p>I grant the company G5 Plus, s.r.o., identification number 27251837, with registered office at \u0160kolsk\u00e1 20, 110 00 Prague 1, registered in the commercial register maintained by the Municipal Court in Prague, file number C 311763, consent to direct marketing consisting of sending information about marketing events and business communications from the administrator, including e.g. polls; communication can take place, for example, by e-mail or telephone conversation.<\/p><p>\u00a0<\/p><p>I give my consent to the company G5 Plus s.r.o., ID number 27251837, with registered office at \u0160kolsk\u00e1 20, 110 00 Prague 1, registered in the commercial register maintained by the Municipal Court in Prague, file number C 3117, spr\u00e1vci sp. entry and registration of my identity in the register of job applicants maintained by the Joint Administrator. During the time that I am registered as a job seeker in the register of job seekers, the administrator has the right to:<\/p><p>contact me with an offer to participate in the selection process for a suitable vacancy for me,<br \/>process my personal data for the purpose of my profiling, which facilitates the selection of suitable vacancies.<br \/>I give my consent for 5 years, unless I withdraw my consent earlier.<\/p><p>I confirm that I have received information about the processing of personal data in accordance with Article 13 of the GDPR. Consent is voluntary. I may revoke the consent of any of the Joint Administrators with effect in the future. If I refuse to give consent or withdraw my consent, there are no negative consequences for me. It is true that I cannot be excluded from a competition in which I have entered just because I have not given the above consent (consent) to the processing of my personal data. If I decide to withdraw my consent, I can contact the administrator at the e-mail osobniudaje@G5plusHR.cz or send a written notification to the address of the administrator's headquarters or appear in person at the administrator's branch.<\/p>\t\t\t\t\t<\/div>\n\t\t\t\t\t\t<\/div>\n\t\t\t\t<\/div>\n\t\t\t\t\t\t<\/div>\n\t\t\t\t\t<\/div>\n\t\t<\/div>\n\t\t\t\t\t\t\t\t<\/div>\n\t\t\t\t\t<\/div>\n\t\t<\/section>\n\t\t\t\t\t\t\t\t\t<\/div>\n\t\t\t<\/div>\n\t\t\t\t\t<\/div>","protected":false},"excerpt":{"rendered":"<p>OCHRANA OSOBN\u00cdCH \u00daDAJ\u016e Potvrzuji, \u017ee jsem obdr\u017eel(a) informace o zpracov\u00e1n\u00ed osobn\u00edch \u00fadaj\u016f v souladu s \u010dl\u00e1nkem 13 GDPR. Poskytnut\u00ed v\u0161ech v\u00fd\u0161e uveden\u00fdch souhlas\u016f je dobrovoln\u00e9. Ka\u017ed\u00e9 z ud\u011blen\u00fdch opr\u00e1vn\u011bn\u00ed mohu spr\u00e1vci odep\u0159\u00edt, co\u017e se projev\u00ed v budoucnu. Pokud odm\u00edtnu ud\u011blit souhlas nebo sv\u016fj souhlas odvol\u00e1m, neznamen\u00e1 to pro m\u011b \u017e\u00e1dn\u00e9 negativn\u00ed d\u016fsledky. Nemohu b\u00fdt vylou\u010den [&hellip;]<\/p>","protected":false},"author":1,"featured_media":0,"parent":0,"menu_order":0,"comment_status":"closed","ping_status":"closed","template":"elementor_header_footer","meta":[],"_links":{"self":[{"href":"https:\/\/www.g5plushr.cz\/en\/wp-json\/wp\/v2\/pages\/1744"}],"collection":[{"href":"https:\/\/www.g5plushr.cz\/en\/wp-json\/wp\/v2\/pages"}],"about":[{"href":"https:\/\/www.g5plushr.cz\/en\/wp-json\/wp\/v2\/types\/page"}],"author":[{"embeddable":true,"href":"https:\/\/www.g5plushr.cz\/en\/wp-json\/wp\/v2\/users\/1"}],"replies":[{"embeddable":true,"href":"https:\/\/www.g5plushr.cz\/en\/wp-json\/wp\/v2\/comments?post=1744"}],"version-history":[{"count":28,"href":"https:\/\/www.g5plushr.cz\/en\/wp-json\/wp\/v2\/pages\/1744\/revisions"}],"predecessor-version":[{"id":2407,"href":"https:\/\/www.g5plushr.cz\/en\/wp-json\/wp\/v2\/pages\/1744\/revisions\/2407"}],"wp:attachment":[{"href":"https:\/\/www.g5plushr.cz\/en\/wp-json\/wp\/v2\/media?parent=1744"}],"curies":[{"name":"wp","href":"https:\/\/api.w.org\/{rel}","templated":true}]}}